{"id":8,"date":"2022-09-29T13:50:56","date_gmt":"2022-09-29T13:50:56","guid":{"rendered":"https:\/\/web.ferropronto.net\/home\/?page_id=8"},"modified":"2025-10-15T15:02:14","modified_gmt":"2025-10-15T15:02:14","slug":"a-ferropronto","status":"publish","type":"page","link":"https:\/\/web.ferropronto.net\/home\/a-ferropronto\/","title":{"rendered":"Quem Somos"},"content":{"rendered":"\t\t<div data-elementor-type=\"wp-page\" data-elementor-id=\"8\" class=\"elementor elementor-8\" data-elementor-post-type=\"page\">\n\t\t\t\t\t\t<section class=\"elementor-section elementor-top-section elementor-element elementor-element-2f45465 elementor-section-boxed elementor-section-height-default elementor-section-height-default\" data-id=\"2f45465\" data-element_type=\"section\">\n\t\t\t\t\t\t<div class=\"elementor-container elementor-column-gap-default\">\n\t\t\t\t\t<div class=\"elementor-column elementor-col-100 elementor-top-column elementor-element elementor-element-580f4cf\" data-id=\"580f4cf\" data-element_type=\"column\">\n\t\t\t<div class=\"elementor-widget-wrap elementor-element-populated\">\n\t\t\t\t\t\t<div class=\"elementor-element elementor-element-8b1f939 elementor-widget elementor-widget-heading\" data-id=\"8b1f939\" data-element_type=\"widget\" data-widget_type=\"heading.default\">\n\t\t\t\t<div class=\"elementor-widget-container\">\n\t\t\t\t\t<h5 class=\"elementor-heading-title elementor-size-default\">QUEM SOMOS<\/h5>\t\t\t\t<\/div>\n\t\t\t\t<\/div>\n\t\t\t\t\t<\/div>\n\t\t<\/div>\n\t\t\t\t\t<\/div>\n\t\t<\/section>\n\t\t\t\t<section class=\"elementor-section elementor-top-section elementor-element elementor-element-1e2192e3 elementor-section-boxed elementor-section-height-default elementor-section-height-default\" data-id=\"1e2192e3\" data-element_type=\"section\">\n\t\t\t\t\t\t<div class=\"elementor-container elementor-column-gap-default\">\n\t\t\t\t\t<div class=\"elementor-column elementor-col-100 elementor-top-column elementor-element elementor-element-4f663c1a\" data-id=\"4f663c1a\" data-element_type=\"column\">\n\t\t\t<div class=\"elementor-widget-wrap elementor-element-populated\">\n\t\t\t\t\t\t<div class=\"elementor-element elementor-element-96e4657 elementor-widget__width-initial elementor-widget elementor-widget-text-editor\" data-id=\"96e4657\" data-element_type=\"widget\" data-settings=\"{&quot;_animation&quot;:&quot;none&quot;}\" data-widget_type=\"text-editor.default\">\n\t\t\t\t<div class=\"elementor-widget-container\">\n\t\t\t\t\t\t\t\t\t<p><span style=\"color: var( --e-global-color-text ); font-size: var( --e-global-typography-text-font-size );\">A Ferropronto \u00e9 uma empresa de engenharia, especializada na presta\u00e7\u00e3o de servi\u00e7o mecanizado de corte e dobra de a\u00e7o para constru\u00e7\u00e3o civil e Armadura Pronta Soldada. Credenciada pela ArcelorMittal Brasil S\/A, para realiza\u00e7\u00e3o de servi\u00e7os para os Estados da Bahia e de Sergipe.\u00a0<\/span><\/p><p><!-- \/wp:paragraph --><\/p><p><!-- wp:paragraph --><\/p><p>Sediada em Lauro de Freitas, com capacidade para atender obras prediais, industriais, pontes, viadutos etc, onde est\u00e1 tamb\u00e9m instalada a filial ArcelorMittal com seu estoque avan\u00e7ado. Apresentando um trabalho diferenciado, orienta na compra do a\u00e7o; a forma de estocagem quando da entrega do material, a forma de racionalizar na sua aplica\u00e7\u00e3o, atrav\u00e9s da assist\u00eancia sempre presente dos seus engenheiros.\u00a0<\/p><p><!-- \/wp:paragraph --><\/p><p><!-- wp:paragraph --><\/p><p>A Ferropronto analisa os projetos, planeja o corte e a dobra, executa o servi\u00e7o e, entrega na hora marcada.<\/p><p><b>NOSSA POL\u00cdTICA<\/b><\/p><p>A Ferropronto atua no mercado de corte, dobra e solda em a\u00e7o, buscando satisfa\u00e7\u00e3o dos clientes, atrav\u00e9s do atendimento aos requisitos, pela otimiza\u00e7\u00e3o da qualidade do servi\u00e7o e garantia do prazo de entrega, buscando sempre a melhoria dos processos e resultados gerais da organiza\u00e7\u00e3o. (Revis\u00e3o: 03, 20\/05\/2012).<\/p><p><!-- \/wp:paragraph --><\/p>\t\t\t\t\t\t\t\t<\/div>\n\t\t\t\t<\/div>\n\t\t\t\t\t<\/div>\n\t\t<\/div>\n\t\t\t\t\t<\/div>\n\t\t<\/section>\n\t\t\t\t<section class=\"elementor-section elementor-top-section elementor-element elementor-element-bc2cdc3 elementor-section-boxed elementor-section-height-default elementor-section-height-default\" data-id=\"bc2cdc3\" data-element_type=\"section\">\n\t\t\t\t\t\t<div class=\"elementor-container elementor-column-gap-default\">\n\t\t\t\t\t<div class=\"elementor-column elementor-col-50 elementor-top-column elementor-element elementor-element-7f52d3a\" data-id=\"7f52d3a\" data-element_type=\"column\">\n\t\t\t<div class=\"elementor-widget-wrap elementor-element-populated\">\n\t\t\t\t\t\t<div class=\"elementor-element elementor-element-9e9e01b elementor-position-left elementor-vertical-align-middle elementor-widget elementor-widget-image-box\" data-id=\"9e9e01b\" data-element_type=\"widget\" data-widget_type=\"image-box.default\">\n\t\t\t\t<div class=\"elementor-widget-container\">\n\t\t\t\t\t<div class=\"elementor-image-box-wrapper\"><figure class=\"elementor-image-box-img\"><img fetchpriority=\"high\" decoding=\"async\" width=\"645\" height=\"700\" src=\"https:\/\/web.ferropronto.net\/home\/wp-content\/uploads\/2025\/10\/iso9001.jpg\" class=\"attachment-full size-full wp-image-1260\" alt=\"\" srcset=\"https:\/\/web.ferropronto.net\/home\/wp-content\/uploads\/2025\/10\/iso9001.jpg 645w, https:\/\/web.ferropronto.net\/home\/wp-content\/uploads\/2025\/10\/iso9001-276x300.jpg 276w\" sizes=\"(max-width: 645px) 100vw, 645px\" \/><\/figure><div class=\"elementor-image-box-content\"><p class=\"elementor-image-box-description\">A Ferropronto possui certifica\u00e7\u00e3o <b>ISO 9001:2015<\/b>, concedida pela ABNT \u2013 Associa\u00e7\u00e3o Brasileira de Normas T\u00e9cnicas <b>desde 2005<\/b>.\nEssa conquista reflete o seu compromisso cont\u00ednuo com os mais altos padr\u00f5es de qualidade e sua busca incessante pela satisfa\u00e7\u00e3o do cliente<\/p><\/div><\/div>\t\t\t\t<\/div>\n\t\t\t\t<\/div>\n\t\t\t\t\t<\/div>\n\t\t<\/div>\n\t\t\t\t<div class=\"elementor-column elementor-col-50 elementor-top-column elementor-element elementor-element-6d4b19f\" data-id=\"6d4b19f\" data-element_type=\"column\" data-settings=\"{&quot;background_background&quot;:&quot;classic&quot;}\">\n\t\t\t<div class=\"elementor-widget-wrap elementor-element-populated\">\n\t\t\t\t\t\t<div class=\"elementor-element elementor-element-5555f29 elementor-widget elementor-widget-button\" data-id=\"5555f29\" data-element_type=\"widget\" data-widget_type=\"button.default\">\n\t\t\t\t<div class=\"elementor-widget-container\">\n\t\t\t\t\t\t\t\t\t<div class=\"elementor-button-wrapper\">\n\t\t\t\t\t<a class=\"elementor-button elementor-button-link elementor-size-sm\" href=\"https:\/\/web.ferropronto.net\/home\/wp-content\/uploads\/arquivos\/certificado.pdf\" target=\"_blank\" rel=\"nofollow\">\n\t\t\t\t\t\t<span class=\"elementor-button-content-wrapper\">\n\t\t\t\t\t\t<span class=\"elementor-button-icon\">\n\t\t\t\t<i aria-hidden=\"true\" class=\"fas fa-download\"><\/i>\t\t\t<\/span>\n\t\t\t\t\t\t\t\t\t<span class=\"elementor-button-text\">Baixe o Certificado<\/span>\n\t\t\t\t\t<\/span>\n\t\t\t\t\t<\/a>\n\t\t\t\t<\/div>\n\t\t\t\t\t\t\t\t<\/div>\n\t\t\t\t<\/div>\n\t\t\t\t\t<\/div>\n\t\t<\/div>\n\t\t\t\t\t<\/div>\n\t\t<\/section>\n\t\t\t\t<section class=\"elementor-section elementor-top-section elementor-element elementor-element-ca905dd elementor-section-boxed elementor-section-height-default elementor-section-height-default\" data-id=\"ca905dd\" data-element_type=\"section\">\n\t\t\t\t\t\t<div class=\"elementor-container elementor-column-gap-default\">\n\t\t\t\t\t<div class=\"elementor-column elementor-col-100 elementor-top-column elementor-element elementor-element-6550009\" data-id=\"6550009\" data-element_type=\"column\">\n\t\t\t<div class=\"elementor-widget-wrap elementor-element-populated\">\n\t\t\t\t\t\t<div class=\"elementor-element elementor-element-638f5c2 elementor-widget elementor-widget-spacer\" data-id=\"638f5c2\" data-element_type=\"widget\" data-widget_type=\"spacer.default\">\n\t\t\t\t<div class=\"elementor-widget-container\">\n\t\t\t\t\t\t\t<div class=\"elementor-spacer\">\n\t\t\t<div class=\"elementor-spacer-inner\"><\/div>\n\t\t<\/div>\n\t\t\t\t\t\t<\/div>\n\t\t\t\t<\/div>\n\t\t\t\t\t<\/div>\n\t\t<\/div>\n\t\t\t\t\t<\/div>\n\t\t<\/section>\n\t\t\t\t<\/div>\n\t\t","protected":false},"excerpt":{"rendered":"<p>QUEM SOMOS A Ferropronto \u00e9 uma empresa de engenharia, especializada na presta\u00e7\u00e3o de servi\u00e7o mecanizado de corte e dobra de a\u00e7o para constru\u00e7\u00e3o civil e Armadura Pronta Soldada. Credenciada pela ArcelorMittal Brasil S\/A, para realiza\u00e7\u00e3o de servi\u00e7os para os Estados da Bahia e de Sergipe.\u00a0 Sediada em Lauro de Freitas, com capacidade para atender obras [&hellip;]<\/p>\n","protected":false},"author":1,"featured_media":0,"parent":0,"menu_order":0,"comment_status":"closed","ping_status":"closed","template":"","meta":{"footnotes":""},"class_list":["post-8","page","type-page","status-publish","hentry"],"_links":{"self":[{"href":"https:\/\/web.ferropronto.net\/home\/wp-json\/wp\/v2\/pages\/8","targetHints":{"allow":["GET"]}}],"collection":[{"href":"https:\/\/web.ferropronto.net\/home\/wp-json\/wp\/v2\/pages"}],"about":[{"href":"https:\/\/web.ferropronto.net\/home\/wp-json\/wp\/v2\/types\/page"}],"author":[{"embeddable":true,"href":"https:\/\/web.ferropronto.net\/home\/wp-json\/wp\/v2\/users\/1"}],"replies":[{"embeddable":true,"href":"https:\/\/web.ferropronto.net\/home\/wp-json\/wp\/v2\/comments?post=8"}],"version-history":[{"count":165,"href":"https:\/\/web.ferropronto.net\/home\/wp-json\/wp\/v2\/pages\/8\/revisions"}],"predecessor-version":[{"id":1263,"href":"https:\/\/web.ferropronto.net\/home\/wp-json\/wp\/v2\/pages\/8\/revisions\/1263"}],"wp:attachment":[{"href":"https:\/\/web.ferropronto.net\/home\/wp-json\/wp\/v2\/media?parent=8"}],"curies":[{"name":"wp","href":"https:\/\/api.w.org\/{rel}","templated":true}]}}